{"id":1804,"date":"2022-02-16T09:23:32","date_gmt":"2022-02-16T09:23:32","guid":{"rendered":"https:\/\/roadmap-entertainment.com\/?page_id=1804"},"modified":"2022-07-16T15:26:39","modified_gmt":"2022-07-16T15:26:39","slug":"impressum","status":"publish","type":"page","link":"https:\/\/roadmap-entertainment.com\/en\/impressum\/","title":{"rendered":"Impressum"},"content":{"rendered":"<div data-elementor-type=\"wp-post\" data-elementor-id=\"1804\" class=\"elementor elementor-1804\">\n\t\t\t\t\t\t<section class=\"elementor-section elementor-top-section elementor-element elementor-element-ba5af2b elementor-section-content-middle elementor-section-boxed elementor-section-height-default elementor-section-height-default\" data-id=\"ba5af2b\" data-element_type=\"section\" data-e-type=\"section\" data-settings=\"{&quot;background_background&quot;:&quot;classic&quot;}\">\n\t\t\t\t\t\t<div class=\"elementor-container elementor-column-gap-no\">\n\t\t\t\t\t<div class=\"elementor-column elementor-col-100 elementor-top-column elementor-element elementor-element-6fbe738\" data-id=\"6fbe738\" data-element_type=\"column\" data-e-type=\"column\">\n\t\t\t<div class=\"elementor-widget-wrap elementor-element-populated\">\n\t\t\t\t\t\t<div class=\"elementor-element elementor-element-65d358d elementor-widget elementor-widget-menu-anchor\" data-id=\"65d358d\" data-element_type=\"widget\" data-e-type=\"widget\" data-widget_type=\"menu-anchor.default\">\n\t\t\t\t<div class=\"elementor-widget-container\">\n\t\t\t\t\t\t\t<div class=\"elementor-menu-anchor\" id=\"start\"><\/div>\n\t\t\t\t\t\t<\/div>\n\t\t\t\t<\/div>\n\t\t\t\t<div class=\"elementor-element elementor-element-f1acbd8 elementor-widget elementor-widget-heading\" data-id=\"f1acbd8\" data-element_type=\"widget\" data-e-type=\"widget\" data-widget_type=\"heading.default\">\n\t\t\t\t<div class=\"elementor-widget-container\">\n\t\t\t\t\t<h1 class=\"elementor-heading-title elementor-size-default\">Impressum<\/h1>\t\t\t\t<\/div>\n\t\t\t\t<\/div>\n\t\t\t\t\t<\/div>\n\t\t<\/div>\n\t\t\t\t\t<\/div>\n\t\t<\/section>\n\t\t\t\t<section class=\"elementor-section elementor-top-section elementor-element elementor-element-cdde8b3 elementor-section-boxed elementor-section-height-default elementor-section-height-default\" data-id=\"cdde8b3\" data-element_type=\"section\" data-e-type=\"section\">\n\t\t\t\t\t\t<div class=\"elementor-container elementor-column-gap-default\">\n\t\t\t\t\t<div class=\"elementor-column elementor-col-50 elementor-top-column elementor-element elementor-element-f8af12b\" data-id=\"f8af12b\" data-element_type=\"column\" data-e-type=\"column\">\n\t\t\t<div class=\"elementor-widget-wrap elementor-element-populated\">\n\t\t\t\t\t\t<div class=\"elementor-element elementor-element-a07fa7b elementor-widget elementor-widget-text-editor\" data-id=\"a07fa7b\" data-element_type=\"widget\" data-e-type=\"widget\" data-widget_type=\"text-editor.default\">\n\t\t\t\t<div class=\"elementor-widget-container\">\n\t\t\t\t\t\t\t\t\t<p>Roadmap Entertainment ist Teil von Florian Dittrich Kulturmanagement.<\/p>\t\t\t\t\t\t\t\t<\/div>\n\t\t\t\t<\/div>\n\t\t\t\t<div class=\"elementor-element elementor-element-a095718 elementor-widget elementor-widget-heading\" data-id=\"a095718\" data-element_type=\"widget\" data-e-type=\"widget\" data-widget_type=\"heading.default\">\n\t\t\t\t<div class=\"elementor-widget-container\">\n\t\t\t\t\t<h4 class=\"elementor-heading-title elementor-size-default\">Impressum<\/h4>\t\t\t\t<\/div>\n\t\t\t\t<\/div>\n\t\t\t\t<div class=\"elementor-element elementor-element-bcb57d4 elementor-widget elementor-widget-text-editor\" data-id=\"bcb57d4\" data-element_type=\"widget\" data-e-type=\"widget\" data-widget_type=\"text-editor.default\">\n\t\t\t\t<div class=\"elementor-widget-container\">\n\t\t\t\t\t\t\t\t\t<p><strong>Firmawortlaut:<\/strong> Florian Dittrich Kulturmanagement e.U.<br \/><strong>Inhaber und Gesch\u00e4ftsf\u00fchrer:<\/strong> Mag. iur. Florian Dittrich<br \/><strong>Unternehmensgegenstand:<\/strong> <a href=\"\/en\/projekte\/\">Kulturmanagement<\/a>\u00a0 | <a href=\"\/en\/kuenstlerinnen\/\">K\u00fcnstlervermittlung<\/a><br \/><strong>UID-Nummer:<\/strong> ATU65856406<br \/><strong>Firmensitz:<\/strong> Prinz Eugen Strasse 16\/11, 1040 Wien<br \/><strong>Tel.:<\/strong> +43 (0) 664 4503614<br \/><strong>E-Mail:<\/strong> florian@roadmap-entertainment.com<br \/><strong>Mitglied<\/strong>\u00a0<strong>bei<\/strong> der <a href=\"https:\/\/www.wko.at\/\">Wirtschaftskammer \u00d6sterreich<\/a><br \/><strong>Aufsichtsbeh\u00f6rde\/Gewerbebeh\u00f6rde:<\/strong>\u00a0Magistrat der Stadt Wien<br \/><strong>Verleihungsstaat:<\/strong>\u00a0\u00d6sterreich<\/p>\t\t\t\t\t\t\t\t<\/div>\n\t\t\t\t<\/div>\n\t\t\t\t\t<\/div>\n\t\t<\/div>\n\t\t\t\t<div class=\"elementor-column elementor-col-50 elementor-top-column elementor-element elementor-element-10becf1\" data-id=\"10becf1\" data-element_type=\"column\" data-e-type=\"column\">\n\t\t\t<div class=\"elementor-widget-wrap elementor-element-populated\">\n\t\t\t\t\t\t<div class=\"elementor-element elementor-element-1c4e831 elementor-widget elementor-widget-image\" data-id=\"1c4e831\" data-element_type=\"widget\" data-e-type=\"widget\" data-widget_type=\"image.default\">\n\t\t\t\t<div class=\"elementor-widget-container\">\n\t\t\t\t\t\t\t\t\t\t\t\t\t\t\t<img fetchpriority=\"high\" decoding=\"async\" width=\"768\" height=\"588\" src=\"https:\/\/roadmap-entertainment.com\/wp-content\/uploads\/2022\/07\/stamp-rubber-stamp-stamped-1415724-768x588.jpg\" class=\"attachment-medium_large size-medium_large wp-image-4628\" alt=\"stamp, rubber stamp, stamped-1415724.jpg\" srcset=\"https:\/\/roadmap-entertainment.com\/wp-content\/uploads\/2022\/07\/stamp-rubber-stamp-stamped-1415724-768x588.jpg 768w, https:\/\/roadmap-entertainment.com\/wp-content\/uploads\/2022\/07\/stamp-rubber-stamp-stamped-1415724-300x230.jpg 300w, https:\/\/roadmap-entertainment.com\/wp-content\/uploads\/2022\/07\/stamp-rubber-stamp-stamped-1415724-1024x784.jpg 1024w, https:\/\/roadmap-entertainment.com\/wp-content\/uploads\/2022\/07\/stamp-rubber-stamp-stamped-1415724.jpg 1280w\" sizes=\"(max-width: 768px) 100vw, 768px\" \/>\t\t\t\t\t\t\t\t\t\t\t\t\t\t\t<\/div>\n\t\t\t\t<\/div>\n\t\t\t\t\t<\/div>\n\t\t<\/div>\n\t\t\t\t\t<\/div>\n\t\t<\/section>\n\t\t\t\t<section class=\"elementor-section elementor-top-section elementor-element elementor-element-d1d711d elementor-section-boxed elementor-section-height-default elementor-section-height-default\" data-id=\"d1d711d\" data-element_type=\"section\" data-e-type=\"section\">\n\t\t\t\t\t\t<div class=\"elementor-container elementor-column-gap-default\">\n\t\t\t\t\t<div class=\"elementor-column elementor-col-100 elementor-top-column elementor-element elementor-element-bd809d2\" data-id=\"bd809d2\" data-element_type=\"column\" data-e-type=\"column\">\n\t\t\t<div class=\"elementor-widget-wrap elementor-element-populated\">\n\t\t\t\t\t\t<div class=\"elementor-element elementor-element-c7cf4f6 elementor-align-center elementor-widget elementor-widget-button\" data-id=\"c7cf4f6\" data-element_type=\"widget\" data-e-type=\"widget\" data-widget_type=\"button.default\">\n\t\t\t\t<div class=\"elementor-widget-container\">\n\t\t\t\t\t\t\t\t\t<div class=\"elementor-button-wrapper\">\n\t\t\t\t\t<a class=\"elementor-button elementor-button-link elementor-size-sm\" href=\"\/en\/home\/\">\n\t\t\t\t\t\t<span class=\"elementor-button-content-wrapper\">\n\t\t\t\t\t\t\t\t\t<span class=\"elementor-button-text\">Zur\u00fcck zur Website<\/span>\n\t\t\t\t\t<\/span>\n\t\t\t\t\t<\/a>\n\t\t\t\t<\/div>\n\t\t\t\t\t\t\t\t<\/div>\n\t\t\t\t<\/div>\n\t\t\t\t<div class=\"elementor-element elementor-element-26fe389 elementor-view-default elementor-invisible elementor-widget elementor-widget-icon\" data-id=\"26fe389\" data-element_type=\"widget\" data-e-type=\"widget\" data-settings=\"{&quot;_animation&quot;:&quot;bounce&quot;}\" data-widget_type=\"icon.default\">\n\t\t\t\t<div class=\"elementor-widget-container\">\n\t\t\t\t\t\t\t<div class=\"elementor-icon-wrapper\">\n\t\t\t<a class=\"elementor-icon elementor-animation-pulse\" href=\"#start\">\n\t\t\t<i aria-hidden=\"true\" class=\"fas fa-angle-up\"><\/i>\t\t\t<\/a>\n\t\t<\/div>\n\t\t\t\t\t\t<\/div>\n\t\t\t\t<\/div>\n\t\t\t\t\t<\/div>\n\t\t<\/div>\n\t\t\t\t\t<\/div>\n\t\t<\/section>\n\t\t\t\t<section class=\"elementor-section elementor-top-section elementor-element elementor-element-fb1be70 elementor-section-boxed elementor-section-height-default elementor-section-height-default\" data-id=\"fb1be70\" data-element_type=\"section\" data-e-type=\"section\">\n\t\t\t\t\t\t<div class=\"elementor-container elementor-column-gap-default\">\n\t\t\t\t\t<div class=\"elementor-column elementor-col-100 elementor-top-column elementor-element elementor-element-38d8075\" data-id=\"38d8075\" data-element_type=\"column\" data-e-type=\"column\">\n\t\t\t<div class=\"elementor-widget-wrap\">\n\t\t\t\t\t\t\t<\/div>\n\t\t<\/div>\n\t\t\t\t\t<\/div>\n\t\t<\/section>\n\t\t\t\t<\/div>","protected":false},"excerpt":{"rendered":"<p>Impressum Firmawortlaut: Florian Dittrich Kulturmanagement e.U. Inhaber und Gesch\u00e4ftsf\u00fchrer: Mag. iur. Florian Dittrich Unternehmensgegenstand: Kulturmanagement&nbsp; | K\u00fcnstlervermittlung UID-Nummer: ATU65856406 Firmensitz: Prinz Eugen Strasse 16\/11, 1040 Wien Tel.: +43 (0) 664 4503614 E-Mail: florian@roadmap-entertainment.com Mitglied&nbsp;bei der Wirtschaftskammer \u00d6sterreich Aufsichtsbeh\u00f6rde\/Gewerbebeh\u00f6rde:&nbsp;Magistrat der Stadt Wien Verleihungsstaat:&nbsp;\u00d6sterreich<\/p>","protected":false},"author":1,"featured_media":0,"parent":0,"menu_order":0,"comment_status":"closed","ping_status":"closed","template":"","meta":{"_coblocks_attr":"","_coblocks_dimensions":"","_coblocks_responsive_height":"","_coblocks_accordion_ie_support":"","site-sidebar-layout":"default","site-content-layout":"page-builder","ast-site-content-layout":"default","site-content-style":"default","site-sidebar-style":"default","ast-global-header-display":"","ast-banner-title-visibility":"","ast-main-header-display":"","ast-hfb-above-header-display":"","ast-hfb-below-header-display":"","ast-hfb-mobile-header-display":"","site-post-title":"disabled","ast-breadcrumbs-content":"","ast-featured-img":"disabled","footer-sml-layout":"","ast-disable-related-posts":"","theme-transparent-header-meta":"enabled","adv-header-id-meta":"","stick-header-meta":"","header-above-stick-meta":"","header-main-stick-meta":"","header-below-stick-meta":"","astra-migrate-meta-layouts":"default","ast-page-background-enabled":"default","ast-page-background-meta":{"desktop":{"background-color":"","background-image":"","background-repeat":"repeat","background-position":"center center","background-size":"auto","background-attachment":"scroll","background-type":"","background-media":"","overlay-type":"","overlay-color":"","overlay-opacity":"","overlay-gradient":""},"tablet":{"background-color":"","background-image":"","background-repeat":"repeat","background-position":"center center","background-size":"auto","background-attachment":"scroll","background-type":"","background-media":"","overlay-type":"","overlay-color":"","overlay-opacity":"","overlay-gradient":""},"mobile":{"background-color":"","background-image":"","background-repeat":"repeat","background-position":"center center","background-size":"auto","background-attachment":"scroll","background-type":"","background-media":"","overlay-type":"","overlay-color":"","overlay-opacity":"","overlay-gradient":""}},"ast-content-background-meta":{"desktop":{"background-color":"var(--ast-global-color-5)","background-image":"","background-repeat":"repeat","background-position":"center center","background-size":"auto","background-attachment":"scroll","background-type":"","background-media":"","overlay-type":"","overlay-color":"","overlay-opacity":"","overlay-gradient":""},"tablet":{"background-color":"var(--ast-global-color-5)","background-image":"","background-repeat":"repeat","background-position":"center center","background-size":"auto","background-attachment":"scroll","background-type":"","background-media":"","overlay-type":"","overlay-color":"","overlay-opacity":"","overlay-gradient":""},"mobile":{"background-color":"var(--ast-global-color-5)","background-image":"","background-repeat":"repeat","background-position":"center center","background-size":"auto","background-attachment":"scroll","background-type":"","background-media":"","overlay-type":"","overlay-color":"","overlay-opacity":"","overlay-gradient":""}},"footnotes":""},"class_list":["post-1804","page","type-page","status-publish","hentry"],"yoast_head":"<!-- This site is optimized with the Yoast SEO plugin v27.5 - https:\/\/yoast.com\/product\/yoast-seo-wordpress\/ -->\n<title>Florian Dittrich Kulturmanagement - Roadmap Entertainment<\/title>\n<meta name=\"description\" content=\"Roadmap Entertainment ist als Agentur f\u00fcr K\u00fcnstler:innen und Ensembles Teil von Florian Dittrich Kulturmanagement.\" \/>\n<meta name=\"robots\" content=\"index, follow, max-snippet:-1, max-image-preview:large, max-video-preview:-1\" \/>\n<link rel=\"canonical\" href=\"https:\/\/roadmap-entertainment.com\/en\/impressum\/\" \/>\n<meta property=\"og:locale\" content=\"en_GB\" \/>\n<meta property=\"og:type\" content=\"article\" \/>\n<meta property=\"og:title\" content=\"Florian Dittrich Kulturmanagement - Roadmap Entertainment\" \/>\n<meta property=\"og:description\" content=\"Roadmap Entertainment ist als Agentur f\u00fcr K\u00fcnstler:innen und Ensembles Teil von Florian Dittrich Kulturmanagement.\" \/>\n<meta property=\"og:url\" content=\"https:\/\/roadmap-entertainment.com\/en\/impressum\/\" \/>\n<meta property=\"og:site_name\" content=\"Roadmap Entertainment\" \/>\n<meta property=\"article:modified_time\" content=\"2022-07-16T15:26:39+00:00\" \/>\n<meta name=\"twitter:card\" content=\"summary_large_image\" \/>\n<meta name=\"twitter:label1\" content=\"Estimated reading time\" \/>\n\t<meta name=\"twitter:data1\" content=\"1 minute\" \/>\n<script type=\"application\/ld+json\" class=\"yoast-schema-graph\">{\"@context\":\"https:\\\/\\\/schema.org\",\"@graph\":[{\"@type\":\"WebPage\",\"@id\":\"https:\\\/\\\/roadmap-entertainment.com\\\/impressum\\\/\",\"url\":\"https:\\\/\\\/roadmap-entertainment.com\\\/impressum\\\/\",\"name\":\"Florian Dittrich Kulturmanagement - Roadmap Entertainment\",\"isPartOf\":{\"@id\":\"https:\\\/\\\/roadmap-entertainment.com\\\/#website\"},\"datePublished\":\"2022-02-16T09:23:32+00:00\",\"dateModified\":\"2022-07-16T15:26:39+00:00\",\"description\":\"Roadmap Entertainment ist als Agentur f\u00fcr K\u00fcnstler:innen und Ensembles Teil von Florian Dittrich Kulturmanagement.\",\"breadcrumb\":{\"@id\":\"https:\\\/\\\/roadmap-entertainment.com\\\/impressum\\\/#breadcrumb\"},\"inLanguage\":\"en-GB\",\"potentialAction\":[{\"@type\":\"ReadAction\",\"target\":[\"https:\\\/\\\/roadmap-entertainment.com\\\/impressum\\\/\"]}]},{\"@type\":\"BreadcrumbList\",\"@id\":\"https:\\\/\\\/roadmap-entertainment.com\\\/impressum\\\/#breadcrumb\",\"itemListElement\":[{\"@type\":\"ListItem\",\"position\":1,\"name\":\"Home\",\"item\":\"https:\\\/\\\/roadmap-entertainment.com\\\/\"},{\"@type\":\"ListItem\",\"position\":2,\"name\":\"Impressum\"}]},{\"@type\":\"WebSite\",\"@id\":\"https:\\\/\\\/roadmap-entertainment.com\\\/#website\",\"url\":\"https:\\\/\\\/roadmap-entertainment.com\\\/\",\"name\":\"Roadmap Entertainment\",\"description\":\"by Florian Dittrich Kulturmanagement\",\"publisher\":{\"@id\":\"https:\\\/\\\/roadmap-entertainment.com\\\/#organization\"},\"potentialAction\":[{\"@type\":\"SearchAction\",\"target\":{\"@type\":\"EntryPoint\",\"urlTemplate\":\"https:\\\/\\\/roadmap-entertainment.com\\\/?s={search_term_string}\"},\"query-input\":{\"@type\":\"PropertyValueSpecification\",\"valueRequired\":true,\"valueName\":\"search_term_string\"}}],\"inLanguage\":\"en-GB\"},{\"@type\":\"Organization\",\"@id\":\"https:\\\/\\\/roadmap-entertainment.com\\\/#organization\",\"name\":\"Roadmap Entertainment\",\"url\":\"https:\\\/\\\/roadmap-entertainment.com\\\/\",\"logo\":{\"@type\":\"ImageObject\",\"inLanguage\":\"en-GB\",\"@id\":\"https:\\\/\\\/roadmap-entertainment.com\\\/#\\\/schema\\\/logo\\\/image\\\/\",\"url\":\"https:\\\/\\\/roadmap-entertainment.com\\\/wp-content\\\/uploads\\\/2020\\\/07\\\/RME-Logo-White.png\",\"contentUrl\":\"https:\\\/\\\/roadmap-entertainment.com\\\/wp-content\\\/uploads\\\/2020\\\/07\\\/RME-Logo-White.png\",\"width\":1000,\"height\":319,\"caption\":\"Roadmap Entertainment\"},\"image\":{\"@id\":\"https:\\\/\\\/roadmap-entertainment.com\\\/#\\\/schema\\\/logo\\\/image\\\/\"}}]}<\/script>\n<!-- \/ Yoast SEO plugin. -->","yoast_head_json":{"title":"Florian Dittrich Kulturmanagement - Roadmap Entertainment","description":"Roadmap Entertainment ist als Agentur f\u00fcr K\u00fcnstler:innen und Ensembles Teil von Florian Dittrich Kulturmanagement.","robots":{"index":"index","follow":"follow","max-snippet":"max-snippet:-1","max-image-preview":"max-image-preview:large","max-video-preview":"max-video-preview:-1"},"canonical":"https:\/\/roadmap-entertainment.com\/en\/impressum\/","og_locale":"en_GB","og_type":"article","og_title":"Florian Dittrich Kulturmanagement - Roadmap Entertainment","og_description":"Roadmap Entertainment ist als Agentur f\u00fcr K\u00fcnstler:innen und Ensembles Teil von Florian Dittrich Kulturmanagement.","og_url":"https:\/\/roadmap-entertainment.com\/en\/impressum\/","og_site_name":"Roadmap Entertainment","article_modified_time":"2022-07-16T15:26:39+00:00","twitter_card":"summary_large_image","twitter_misc":{"Estimated reading time":"1 minute"},"schema":{"@context":"https:\/\/schema.org","@graph":[{"@type":"WebPage","@id":"https:\/\/roadmap-entertainment.com\/impressum\/","url":"https:\/\/roadmap-entertainment.com\/impressum\/","name":"Florian Dittrich Kulturmanagement - Roadmap Entertainment","isPartOf":{"@id":"https:\/\/roadmap-entertainment.com\/#website"},"datePublished":"2022-02-16T09:23:32+00:00","dateModified":"2022-07-16T15:26:39+00:00","description":"Roadmap Entertainment ist als Agentur f\u00fcr K\u00fcnstler:innen und Ensembles Teil von Florian Dittrich Kulturmanagement.","breadcrumb":{"@id":"https:\/\/roadmap-entertainment.com\/impressum\/#breadcrumb"},"inLanguage":"en-GB","potentialAction":[{"@type":"ReadAction","target":["https:\/\/roadmap-entertainment.com\/impressum\/"]}]},{"@type":"BreadcrumbList","@id":"https:\/\/roadmap-entertainment.com\/impressum\/#breadcrumb","itemListElement":[{"@type":"ListItem","position":1,"name":"Home","item":"https:\/\/roadmap-entertainment.com\/"},{"@type":"ListItem","position":2,"name":"Impressum"}]},{"@type":"WebSite","@id":"https:\/\/roadmap-entertainment.com\/#website","url":"https:\/\/roadmap-entertainment.com\/","name":"Roadmap Entertainment","description":"by Florian Dittrich Kulturmanagement","publisher":{"@id":"https:\/\/roadmap-entertainment.com\/#organization"},"potentialAction":[{"@type":"SearchAction","target":{"@type":"EntryPoint","urlTemplate":"https:\/\/roadmap-entertainment.com\/?s={search_term_string}"},"query-input":{"@type":"PropertyValueSpecification","valueRequired":true,"valueName":"search_term_string"}}],"inLanguage":"en-GB"},{"@type":"Organization","@id":"https:\/\/roadmap-entertainment.com\/#organization","name":"Roadmap Entertainment","url":"https:\/\/roadmap-entertainment.com\/","logo":{"@type":"ImageObject","inLanguage":"en-GB","@id":"https:\/\/roadmap-entertainment.com\/#\/schema\/logo\/image\/","url":"https:\/\/roadmap-entertainment.com\/wp-content\/uploads\/2020\/07\/RME-Logo-White.png","contentUrl":"https:\/\/roadmap-entertainment.com\/wp-content\/uploads\/2020\/07\/RME-Logo-White.png","width":1000,"height":319,"caption":"Roadmap Entertainment"},"image":{"@id":"https:\/\/roadmap-entertainment.com\/#\/schema\/logo\/image\/"}}]}},"_links":{"self":[{"href":"https:\/\/roadmap-entertainment.com\/en\/wp-json\/wp\/v2\/pages\/1804","targetHints":{"allow":["GET"]}}],"collection":[{"href":"https:\/\/roadmap-entertainment.com\/en\/wp-json\/wp\/v2\/pages"}],"about":[{"href":"https:\/\/roadmap-entertainment.com\/en\/wp-json\/wp\/v2\/types\/page"}],"author":[{"embeddable":true,"href":"https:\/\/roadmap-entertainment.com\/en\/wp-json\/wp\/v2\/users\/1"}],"replies":[{"embeddable":true,"href":"https:\/\/roadmap-entertainment.com\/en\/wp-json\/wp\/v2\/comments?post=1804"}],"version-history":[{"count":30,"href":"https:\/\/roadmap-entertainment.com\/en\/wp-json\/wp\/v2\/pages\/1804\/revisions"}],"predecessor-version":[{"id":4643,"href":"https:\/\/roadmap-entertainment.com\/en\/wp-json\/wp\/v2\/pages\/1804\/revisions\/4643"}],"wp:attachment":[{"href":"https:\/\/roadmap-entertainment.com\/en\/wp-json\/wp\/v2\/media?parent=1804"}],"curies":[{"name":"wp","href":"https:\/\/api.w.org\/{rel}","templated":true}]}}